{"id":131767,"date":"2025-12-22T22:32:03","date_gmt":"2025-12-22T21:32:03","guid":{"rendered":"https:\/\/camping-de-la-lyre.com\/?page_id=131767"},"modified":"2025-12-22T22:46:05","modified_gmt":"2025-12-22T21:46:05","slug":"alquiler-de-bicicletas-electricas-de-montana","status":"publish","type":"page","link":"https:\/\/camping-de-la-lyre.com\/index.php\/es\/alquiler-de-bicicletas-electricas-de-montana\/","title":{"rendered":"Alquiler de bicicletas el\u00e9ctricas de monta\u00f1a"},"content":{"rendered":"<div class=\"wpb-content-wrapper\"><p>[vc_row row_height_percent=&#8221;52&#8243; back_color=&#8221;color-wayh&#8221; back_image=&#8221;131267&#8243; back_position=&#8221;center center&#8221; parallax=&#8221;yes&#8221; overlay_color=&#8221;color-wayh&#8221; overlay_alpha=&#8221;35&#8243; gutter_size=&#8221;3&#8243; column_width_percent=&#8221;100&#8243; shift_y=&#8221;0&#8243; z_index=&#8221;0&#8243; top_divider=&#8221;gradient&#8221; uncode_shortcode_id=&#8221;107089&#8243; back_color_type=&#8221;uncode-palette&#8221; overlay_color_type=&#8221;uncode-palette&#8221;][vc_column column_width_use_pixel=&#8221;yes&#8221; position_vertical=&#8221;middle&#8221; align_horizontal=&#8221;align_center&#8221; gutter_size=&#8221;2&#8243; style=&#8221;dark&#8221; overlay_alpha=&#8221;50&#8243; shift_x=&#8221;0&#8243; shift_y=&#8221;0&#8243; shift_y_down=&#8221;0&#8243; z_index=&#8221;0&#8243; medium_width=&#8221;0&#8243; mobile_width=&#8221;0&#8243; width=&#8221;1\/1&#8243; column_width_pixel=&#8221;1100&#8243; uncode_shortcode_id=&#8221;141607&#8243;][vc_custom_heading heading_semantic=&#8221;h1&#8243; text_font=&#8221;font-846016&#8243; text_size=&#8221;fontsize-338686&#8243; uncode_shortcode_id=&#8221;423626&#8243;]Alquiler de bicicletas el\u00e9ctricas de monta\u00f1a[\/vc_custom_heading][vc_empty_space empty_h=&#8221;2&#8243;][\/vc_column][\/vc_row][vc_row row_height_percent=&#8221;0&#8243; override_padding=&#8221;yes&#8221; h_padding=&#8221;2&#8243; top_padding=&#8221;5&#8243; bottom_padding=&#8221;5&#8243; overlay_alpha=&#8221;50&#8243; equal_height=&#8221;yes&#8221; gutter_size=&#8221;4&#8243; column_width_percent=&#8221;100&#8243; shift_y=&#8221;0&#8243; z_index=&#8221;0&#8243; uncode_shortcode_id=&#8221;125074&#8243;][vc_column column_width_percent=&#8221;100&#8243; position_vertical=&#8221;middle&#8221; gutter_size=&#8221;4&#8243; overlay_alpha=&#8221;50&#8243; shift_x=&#8221;0&#8243; shift_y=&#8221;0&#8243; shift_y_down=&#8221;0&#8243; z_index=&#8221;0&#8243; medium_width=&#8221;0&#8243; mobile_width=&#8221;0&#8243; width=&#8221;1\/2&#8243;][vc_custom_heading heading_semantic=&#8221;h3&#8243; text_size=&#8221;fontsize-155944&#8243; uncode_shortcode_id=&#8221;415565&#8243; subheading=&#8221;\u00a1Descubra las maravillas de la regi\u00f3n de los Pirineos Orientales y del Alto Vallespir en bicicleta! Le ofrecemos bicicletas el\u00e9ctricas de monta\u00f1a en alquiler para recorrer los senderos, v\u00edas verdes y otros circuitos de MTB desde el camping. Salga de manera aut\u00f3noma o con los circuitos GPS que ponemos a su disposici\u00f3n.<\/p>\n<p>Para asegurarse de tener su bicicleta el\u00e9ctrica en la fecha que le convenga, \u00a1no dude en reservarla!&#8221; text_color_type=&#8221;uncode-palette&#8221; text_color_solid=&#8221;#ff0000&#8243;]Reservar una bicicleta el\u00e9ctrica de monta\u00f1a[\/vc_custom_heading][vc_row_inner row_inner_height_percent=&#8221;0&#8243; overlay_alpha=&#8221;50&#8243; gutter_size=&#8221;4&#8243; shift_y=&#8221;0&#8243; z_index=&#8221;0&#8243; limit_content=&#8221;&#8221;][vc_column_inner column_width_percent=&#8221;100&#8243; align_horizontal=&#8221;align_center&#8221; gutter_size=&#8221;3&#8243; overlay_alpha=&#8221;50&#8243; shift_x=&#8221;0&#8243; shift_y=&#8221;0&#8243; shift_y_down=&#8221;0&#8243; z_index=&#8221;0&#8243; medium_width=&#8221;0&#8243; mobile_width=&#8221;0&#8243; width=&#8221;1\/2&#8243; uncode_shortcode_id=&#8221;812283&#8243;][vc_icon icon=&#8221;fa fa-map-pin&#8221; icon_color=&#8221;accent&#8221; size=&#8221;fa-3x&#8221; text_size=&#8221;h4&#8243; title=&#8221;Directamente en el Camping de la Lyre&#8221; link=&#8221;|||&#8221; uncode_shortcode_id=&#8221;106697&#8243; icon_color_type=&#8221;uncode-palette&#8221;]450 Route de Bat\u00e8re, 66150 Corsavy[\/vc_icon][\/vc_column_inner][vc_column_inner column_width_percent=&#8221;100&#8243; align_horizontal=&#8221;align_center&#8221; gutter_size=&#8221;3&#8243; overlay_alpha=&#8221;50&#8243; shift_x=&#8221;0&#8243; shift_y=&#8221;0&#8243; shift_y_down=&#8221;0&#8243; z_index=&#8221;0&#8243; medium_width=&#8221;0&#8243; mobile_width=&#8221;0&#8243; width=&#8221;1\/2&#8243; uncode_shortcode_id=&#8221;756348&#8243;][vc_icon display=&#8221;inline&#8221; icon=&#8221;fa fa-phone-handset&#8221; icon_color=&#8221;accent&#8221; size=&#8221;fa-3x&#8221; text_size=&#8221;h4&#8243; title=&#8221;Por tel\u00e9fono&#8221; link=&#8221;|||&#8221; uncode_shortcode_id=&#8221;168483&#8243; icon_color_type=&#8221;uncode-palette&#8221;]al <strong>07 49 82 29 41<\/strong>[\/vc_icon][\/vc_column_inner][\/vc_row_inner][vc_row_inner limit_content=&#8221;&#8221;][vc_column_inner column_width_percent=&#8221;100&#8243; align_horizontal=&#8221;align_center&#8221; gutter_size=&#8221;3&#8243; overlay_alpha=&#8221;50&#8243; shift_x=&#8221;0&#8243; shift_y=&#8221;0&#8243; shift_y_down=&#8221;0&#8243; z_index=&#8221;0&#8243; medium_width=&#8221;0&#8243; mobile_width=&#8221;0&#8243; width=&#8221;1\/1&#8243; uncode_shortcode_id=&#8221;150998&#8243;][vc_button button_color=&#8221;color-155789&#8243; radius=&#8221;btn-circle&#8221; outline=&#8221;yes&#8221; border_width=&#8221;0&#8243; link=&#8221;url:https%3A%2F%2Fcamping-de-la-lyre.com%2Findex.php%2Fes%2Falquiler-de-bicicletas-electricas-de-montana%2F%23tarifs|title:Alquiler%20de%20bicicletas%20el%C3%A9ctricas%20de%20monta%C3%B1a&#8221; button_color_type=&#8221;uncode-palette&#8221; uncode_shortcode_id=&#8221;590537&#8243;]Tabla de tarifas[\/vc_button][\/vc_column_inner][\/vc_row_inner][\/vc_column][vc_column width=&#8221;1\/2&#8243;][vc_single_image media=&#8221;131268&#8243; media_width_percent=&#8221;100&#8243; media_ratio=&#8221;three-four&#8221; uncode_shortcode_id=&#8221;749221&#8243;][\/vc_column][\/vc_row][vc_row row_height_percent=&#8221;0&#8243; override_padding=&#8221;yes&#8221; h_padding=&#8221;2&#8243; top_padding=&#8221;5&#8243; bottom_padding=&#8221;5&#8243; overlay_alpha=&#8221;50&#8243; gutter_size=&#8221;4&#8243; column_width_percent=&#8221;100&#8243; shift_y=&#8221;0&#8243; z_index=&#8221;0&#8243; uncode_shortcode_id=&#8221;211544&#8243; overlay_color_type=&#8221;uncode-solid&#8221; overlay_color_solid=&#8221;#f6fdec&#8221;][vc_column column_width_percent=&#8221;100&#8243; gutter_size=&#8221;3&#8243; overlay_alpha=&#8221;50&#8243; shift_x=&#8221;0&#8243; shift_y=&#8221;0&#8243; shift_y_down=&#8221;0&#8243; z_index=&#8221;0&#8243; medium_width=&#8221;4&#8243; mobile_width=&#8221;0&#8243; width=&#8221;1\/2&#8243; el_class=&#8221;inverted-device-order&#8221;][vc_single_image media=&#8221;131274&#8243; media_width_percent=&#8221;100&#8243; media_ratio=&#8221;one-one&#8221; alignment=&#8221;right&#8221; uncode_shortcode_id=&#8221;176613&#8243;][\/vc_column][vc_column column_width_percent=&#8221;100&#8243; position_horizontal=&#8221;left&#8221; position_vertical=&#8221;middle&#8221; gutter_size=&#8221;3&#8243; overlay_alpha=&#8221;50&#8243; shift_x=&#8221;0&#8243; shift_y=&#8221;0&#8243; shift_y_down=&#8221;0&#8243; z_index=&#8221;0&#8243; medium_width=&#8221;4&#8243; mobile_width=&#8221;0&#8243; width=&#8221;1\/2&#8243;][vc_custom_heading heading_semantic=&#8221;h3&#8243; text_size=&#8221;fontsize-155944&#8243; uncode_shortcode_id=&#8221;381089&#8243;]Nuestras bicicletas el\u00e9ctricas de monta\u00f1a[\/vc_custom_heading][vc_column_text uncode_shortcode_id=&#8221;138120&#8243;]<\/p>\n<p data-start=\"17\" data-end=\"394\">Las bicicletas el\u00e9ctricas de monta\u00f1a que le ofrecemos son <strong>Lapierre Overvolt TR 4.6<\/strong>. Est\u00e1n <strong>suspendidas en la parte delantera y trasera<\/strong> para garantizarle la m\u00e1xima comodidad, con <strong>una bater\u00eda de 625\u202fWh<\/strong> que permite m\u00e1s de <strong>60\u202fkm de autonom\u00eda<\/strong>. Tanto si es un ciclista experimentado como principiante, en carretera o en senderos forestales, \u00a1v\u00e1yase de aventura seg\u00fan sus deseos!<\/p>\n<p data-start=\"396\" data-end=\"529\" data-is-last-node=\"\" data-is-only-node=\"\">Ofrecemos 4 tama\u00f1os diferentes de MTB (seg\u00fan disponibilidad): <strong>S, M, L, XL<\/strong>. Cada alquiler incluye <strong>un casco y un kit de reparaci\u00f3n.<\/strong><\/p>\n<p>[\/vc_column_text][\/vc_column][\/vc_row][vc_row unlock_row_content=&#8221;yes&#8221; row_height_percent=&#8221;0&#8243; override_padding=&#8221;yes&#8221; h_padding=&#8221;0&#8243; top_padding=&#8221;0&#8243; bottom_padding=&#8221;0&#8243; overlay_alpha=&#8221;100&#8243; gutter_size=&#8221;100&#8243; column_width_percent=&#8221;100&#8243; shift_y=&#8221;0&#8243; z_index=&#8221;0&#8243; style=&#8221;inherited&#8221;][vc_column column_width_percent=&#8221;100&#8243; align_horizontal=&#8221;align_center&#8221; gutter_size=&#8221;3&#8243; overlay_alpha=&#8221;50&#8243; shift_x=&#8221;0&#8243; shift_y=&#8221;0&#8243; medium_width=&#8221;0&#8243; zoom_width=&#8221;0&#8243; zoom_height=&#8221;0&#8243; width=&#8221;1\/1&#8243;][vc_gallery el_id=&#8221;gallery-958453445&#8243; type=&#8221;carousel&#8221; medias=&#8221;131279,131276,131277,131278,131280,131275&#8243; carousel_lg=&#8221;5&#8243; carousel_md=&#8221;3&#8243; carousel_sm=&#8221;1&#8243; thumb_size=&#8221;one-one&#8221; gutter_size=&#8221;1&#8243; media_items=&#8221;media,icon&#8221; carousel_interval=&#8221;3000&#8243; carousel_navspeed=&#8221;400&#8243; carousel_dots=&#8221;yes&#8221; carousel_dots_mobile=&#8221;yes&#8221; carousel_dots_inside=&#8221;yes&#8221; carousel_dot_padding=&#8221;2&#8243; stage_padding=&#8221;0&#8243; single_overlay_opacity=&#8221;50&#8243; single_text_anim_type=&#8221;btt&#8221; single_h_align=&#8221;center&#8221; single_padding=&#8221;2&#8243; single_icon=&#8221;fa fa-search3&#8243; single_border=&#8221;yes&#8221; single_css_animation=&#8221;bottom-t-top&#8221; single_animation_delay=&#8221;200&#8243; lbox_caption=&#8221;yes&#8221; no_double_tap=&#8221;yes&#8221; carousel_rtl=&#8221;&#8221; single_title_uppercase=&#8221;&#8221; single_title_bold=&#8221;&#8221; single_title_serif=&#8221;&#8221; onclick=&#8221;link_image&#8221; custom_links_target=&#8221;_self&#8221; items=&#8221;eyI4ODY4X2kiOnsic2luZ2xlX3dpZHRoIjoiNCIsInNpbmdsZV9oZWlnaHQiOiI0In0sIjg4NjJfaSI6eyJzaW5nbGVfd2lkdGgiOiI0Iiwic2luZ2xlX2hlaWdodCI6IjQifSwiODg2MF9pIjp7InNpbmdsZV93aWR0aCI6IjQifX0=&#8221; single_half_padding=&#8221;&#8221; single_no_background=&#8221;&#8221; uncode_shortcode_id=&#8221;191767&#8243;][\/vc_column][\/vc_row][vc_row][vc_column width=&#8221;1\/1&#8243;][vc_custom_heading uncode_shortcode_id=&#8221;339721&#8243;]<\/p>\n<div id=\"tarifs\"><\/div>\n<h1 style=\"text-align: left;\">Tabla de tarifas<\/h1>\n<p>[\/vc_custom_heading][vc_single_image media=&#8221;131772&#8243; media_width_percent=&#8221;100&#8243; uncode_shortcode_id=&#8221;143436&#8243;][\/vc_column][\/vc_row]<\/p>\n<\/div>","protected":false},"excerpt":{"rendered":"<p>[vc_row row_height_percent=&#8221;52&#8243; back_color=&#8221;color-wayh&#8221; back_image=&#8221;131267&#8243; back_position=&#8221;center center&#8221; parallax=&#8221;yes&#8221; overlay_color=&#8221;color-wayh&#8221; overlay_alpha=&#8221;35&#8243; gutter_size=&#8221;3&#8243; column_width_percent=&#8221;100&#8243; shift_y=&#8221;0&#8243; z_index=&#8221;0&#8243; top_divider=&#8221;gradient&#8221; uncode_shortcode_id=&#8221;107089&#8243; back_color_type=&#8221;uncode-palette&#8221; overlay_color_type=&#8221;uncode-palette&#8221;][vc_column column_width_use_pixel=&#8221;yes&#8221; position_vertical=&#8221;middle&#8221; align_horizontal=&#8221;align_center&#8221; [&hellip;]<\/p>\n","protected":false},"author":1,"featured_media":0,"parent":0,"menu_order":0,"comment_status":"closed","ping_status":"closed","template":"","meta":{"_monsterinsights_skip_tracking":false,"_monsterinsights_sitenote_active":false,"_monsterinsights_sitenote_note":"","_monsterinsights_sitenote_category":0,"footnotes":""},"class_list":["post-131767","page","type-page","status-publish","hentry"],"yoast_head":"<!-- This site is optimized with the Yoast SEO plugin v27.4 - https:\/\/yoast.com\/product\/yoast-seo-wordpress\/ -->\n<title>Alquiler de bicicletas el\u00e9ctricas de monta\u00f1a - Camping de la Lyre<\/title>\n<meta name=\"robots\" content=\"index, follow, max-snippet:-1, max-image-preview:large, max-video-preview:-1\" \/>\n<link rel=\"canonical\" href=\"https:\/\/camping-de-la-lyre.com\/index.php\/es\/alquiler-de-bicicletas-electricas-de-montana\/\" \/>\n<meta property=\"og:locale\" content=\"en_US\" \/>\n<meta property=\"og:type\" content=\"article\" \/>\n<meta property=\"og:title\" content=\"Alquiler de bicicletas el\u00e9ctricas de monta\u00f1a - Camping de la Lyre\" \/>\n<meta property=\"og:description\" content=\"[vc_row row_height_percent=&#8221;52&#8243; back_color=&#8221;color-wayh&#8221; back_image=&#8221;131267&#8243; back_position=&#8221;center center&#8221; parallax=&#8221;yes&#8221; overlay_color=&#8221;color-wayh&#8221; overlay_alpha=&#8221;35&#8243; gutter_size=&#8221;3&#8243; column_width_percent=&#8221;100&#8243; shift_y=&#8221;0&#8243; z_index=&#8221;0&#8243; top_divider=&#8221;gradient&#8221; uncode_shortcode_id=&#8221;107089&#8243; back_color_type=&#8221;uncode-palette&#8221; overlay_color_type=&#8221;uncode-palette&#8221;][vc_column column_width_use_pixel=&#8221;yes&#8221; position_vertical=&#8221;middle&#8221; align_horizontal=&#8221;align_center&#8221; [&hellip;]\" \/>\n<meta property=\"og:url\" content=\"https:\/\/camping-de-la-lyre.com\/index.php\/es\/alquiler-de-bicicletas-electricas-de-montana\/\" \/>\n<meta property=\"og:site_name\" content=\"Camping de la Lyre\" \/>\n<meta property=\"article:publisher\" content=\"https:\/\/www.facebook.com\/profile.php?id=61553699769690\" \/>\n<meta property=\"article:modified_time\" content=\"2025-12-22T21:46:05+00:00\" \/>\n<meta name=\"twitter:card\" content=\"summary_large_image\" \/>\n<meta name=\"twitter:label1\" content=\"Est. reading time\" \/>\n\t<meta name=\"twitter:data1\" content=\"5 minutes\" \/>\n<script type=\"application\/ld+json\" class=\"yoast-schema-graph\">{\"@context\":\"https:\\\/\\\/schema.org\",\"@graph\":[{\"@type\":\"WebPage\",\"@id\":\"https:\\\/\\\/camping-de-la-lyre.com\\\/index.php\\\/es\\\/alquiler-de-bicicletas-electricas-de-montana\\\/\",\"url\":\"https:\\\/\\\/camping-de-la-lyre.com\\\/index.php\\\/es\\\/alquiler-de-bicicletas-electricas-de-montana\\\/\",\"name\":\"Alquiler de bicicletas el\u00e9ctricas de monta\u00f1a - Camping de la Lyre\",\"isPartOf\":{\"@id\":\"https:\\\/\\\/camping-de-la-lyre.com\\\/#website\"},\"datePublished\":\"2025-12-22T21:32:03+00:00\",\"dateModified\":\"2025-12-22T21:46:05+00:00\",\"breadcrumb\":{\"@id\":\"https:\\\/\\\/camping-de-la-lyre.com\\\/index.php\\\/es\\\/alquiler-de-bicicletas-electricas-de-montana\\\/#breadcrumb\"},\"inLanguage\":\"en-US\",\"potentialAction\":[{\"@type\":\"ReadAction\",\"target\":[\"https:\\\/\\\/camping-de-la-lyre.com\\\/index.php\\\/es\\\/alquiler-de-bicicletas-electricas-de-montana\\\/\"]}]},{\"@type\":\"BreadcrumbList\",\"@id\":\"https:\\\/\\\/camping-de-la-lyre.com\\\/index.php\\\/es\\\/alquiler-de-bicicletas-electricas-de-montana\\\/#breadcrumb\",\"itemListElement\":[{\"@type\":\"ListItem\",\"position\":1,\"name\":\"Home\",\"item\":\"https:\\\/\\\/camping-de-la-lyre.com\\\/\"},{\"@type\":\"ListItem\",\"position\":2,\"name\":\"Alquiler de bicicletas el\u00e9ctricas de monta\u00f1a\"}]},{\"@type\":\"WebSite\",\"@id\":\"https:\\\/\\\/camping-de-la-lyre.com\\\/#website\",\"url\":\"https:\\\/\\\/camping-de-la-lyre.com\\\/\",\"name\":\"Camping de la Lyre\",\"description\":\"Venez dormir sous les \u00e9toiles\",\"publisher\":{\"@id\":\"https:\\\/\\\/camping-de-la-lyre.com\\\/#organization\"},\"potentialAction\":[{\"@type\":\"SearchAction\",\"target\":{\"@type\":\"EntryPoint\",\"urlTemplate\":\"https:\\\/\\\/camping-de-la-lyre.com\\\/?s={search_term_string}\"},\"query-input\":{\"@type\":\"PropertyValueSpecification\",\"valueRequired\":true,\"valueName\":\"search_term_string\"}}],\"inLanguage\":\"en-US\"},{\"@type\":\"Organization\",\"@id\":\"https:\\\/\\\/camping-de-la-lyre.com\\\/#organization\",\"name\":\"Camping de la Lyre\",\"url\":\"https:\\\/\\\/camping-de-la-lyre.com\\\/\",\"logo\":{\"@type\":\"ImageObject\",\"inLanguage\":\"en-US\",\"@id\":\"https:\\\/\\\/camping-de-la-lyre.com\\\/#\\\/schema\\\/logo\\\/image\\\/\",\"url\":\"https:\\\/\\\/camping-de-la-lyre.com\\\/wp-content\\\/uploads\\\/2026\\\/02\\\/Logo-couleur-100.jpg\",\"contentUrl\":\"https:\\\/\\\/camping-de-la-lyre.com\\\/wp-content\\\/uploads\\\/2026\\\/02\\\/Logo-couleur-100.jpg\",\"width\":1034,\"height\":596,\"caption\":\"Camping de la Lyre\"},\"image\":{\"@id\":\"https:\\\/\\\/camping-de-la-lyre.com\\\/#\\\/schema\\\/logo\\\/image\\\/\"},\"sameAs\":[\"https:\\\/\\\/www.facebook.com\\\/profile.php?id=61553699769690\",\"https:\\\/\\\/www.instagram.com\\\/camping_de_la_lyre\\\/\"]}]}<\/script>\n<!-- \/ Yoast SEO plugin. -->","yoast_head_json":{"title":"Alquiler de bicicletas el\u00e9ctricas de monta\u00f1a - Camping de la Lyre","robots":{"index":"index","follow":"follow","max-snippet":"max-snippet:-1","max-image-preview":"max-image-preview:large","max-video-preview":"max-video-preview:-1"},"canonical":"https:\/\/camping-de-la-lyre.com\/index.php\/es\/alquiler-de-bicicletas-electricas-de-montana\/","og_locale":"en_US","og_type":"article","og_title":"Alquiler de bicicletas el\u00e9ctricas de monta\u00f1a - Camping de la Lyre","og_description":"[vc_row row_height_percent=&#8221;52&#8243; back_color=&#8221;color-wayh&#8221; back_image=&#8221;131267&#8243; back_position=&#8221;center center&#8221; parallax=&#8221;yes&#8221; overlay_color=&#8221;color-wayh&#8221; overlay_alpha=&#8221;35&#8243; gutter_size=&#8221;3&#8243; column_width_percent=&#8221;100&#8243; shift_y=&#8221;0&#8243; z_index=&#8221;0&#8243; top_divider=&#8221;gradient&#8221; uncode_shortcode_id=&#8221;107089&#8243; back_color_type=&#8221;uncode-palette&#8221; overlay_color_type=&#8221;uncode-palette&#8221;][vc_column column_width_use_pixel=&#8221;yes&#8221; position_vertical=&#8221;middle&#8221; align_horizontal=&#8221;align_center&#8221; [&hellip;]","og_url":"https:\/\/camping-de-la-lyre.com\/index.php\/es\/alquiler-de-bicicletas-electricas-de-montana\/","og_site_name":"Camping de la Lyre","article_publisher":"https:\/\/www.facebook.com\/profile.php?id=61553699769690","article_modified_time":"2025-12-22T21:46:05+00:00","twitter_card":"summary_large_image","twitter_misc":{"Est. reading time":"5 minutes"},"schema":{"@context":"https:\/\/schema.org","@graph":[{"@type":"WebPage","@id":"https:\/\/camping-de-la-lyre.com\/index.php\/es\/alquiler-de-bicicletas-electricas-de-montana\/","url":"https:\/\/camping-de-la-lyre.com\/index.php\/es\/alquiler-de-bicicletas-electricas-de-montana\/","name":"Alquiler de bicicletas el\u00e9ctricas de monta\u00f1a - Camping de la Lyre","isPartOf":{"@id":"https:\/\/camping-de-la-lyre.com\/#website"},"datePublished":"2025-12-22T21:32:03+00:00","dateModified":"2025-12-22T21:46:05+00:00","breadcrumb":{"@id":"https:\/\/camping-de-la-lyre.com\/index.php\/es\/alquiler-de-bicicletas-electricas-de-montana\/#breadcrumb"},"inLanguage":"en-US","potentialAction":[{"@type":"ReadAction","target":["https:\/\/camping-de-la-lyre.com\/index.php\/es\/alquiler-de-bicicletas-electricas-de-montana\/"]}]},{"@type":"BreadcrumbList","@id":"https:\/\/camping-de-la-lyre.com\/index.php\/es\/alquiler-de-bicicletas-electricas-de-montana\/#breadcrumb","itemListElement":[{"@type":"ListItem","position":1,"name":"Home","item":"https:\/\/camping-de-la-lyre.com\/"},{"@type":"ListItem","position":2,"name":"Alquiler de bicicletas el\u00e9ctricas de monta\u00f1a"}]},{"@type":"WebSite","@id":"https:\/\/camping-de-la-lyre.com\/#website","url":"https:\/\/camping-de-la-lyre.com\/","name":"Camping de la Lyre","description":"Venez dormir sous les \u00e9toiles","publisher":{"@id":"https:\/\/camping-de-la-lyre.com\/#organization"},"potentialAction":[{"@type":"SearchAction","target":{"@type":"EntryPoint","urlTemplate":"https:\/\/camping-de-la-lyre.com\/?s={search_term_string}"},"query-input":{"@type":"PropertyValueSpecification","valueRequired":true,"valueName":"search_term_string"}}],"inLanguage":"en-US"},{"@type":"Organization","@id":"https:\/\/camping-de-la-lyre.com\/#organization","name":"Camping de la Lyre","url":"https:\/\/camping-de-la-lyre.com\/","logo":{"@type":"ImageObject","inLanguage":"en-US","@id":"https:\/\/camping-de-la-lyre.com\/#\/schema\/logo\/image\/","url":"https:\/\/camping-de-la-lyre.com\/wp-content\/uploads\/2026\/02\/Logo-couleur-100.jpg","contentUrl":"https:\/\/camping-de-la-lyre.com\/wp-content\/uploads\/2026\/02\/Logo-couleur-100.jpg","width":1034,"height":596,"caption":"Camping de la Lyre"},"image":{"@id":"https:\/\/camping-de-la-lyre.com\/#\/schema\/logo\/image\/"},"sameAs":["https:\/\/www.facebook.com\/profile.php?id=61553699769690","https:\/\/www.instagram.com\/camping_de_la_lyre\/"]}]}},"_links":{"self":[{"href":"https:\/\/camping-de-la-lyre.com\/index.php\/wp-json\/wp\/v2\/pages\/131767","targetHints":{"allow":["GET"]}}],"collection":[{"href":"https:\/\/camping-de-la-lyre.com\/index.php\/wp-json\/wp\/v2\/pages"}],"about":[{"href":"https:\/\/camping-de-la-lyre.com\/index.php\/wp-json\/wp\/v2\/types\/page"}],"author":[{"embeddable":true,"href":"https:\/\/camping-de-la-lyre.com\/index.php\/wp-json\/wp\/v2\/users\/1"}],"replies":[{"embeddable":true,"href":"https:\/\/camping-de-la-lyre.com\/index.php\/wp-json\/wp\/v2\/comments?post=131767"}],"version-history":[{"count":6,"href":"https:\/\/camping-de-la-lyre.com\/index.php\/wp-json\/wp\/v2\/pages\/131767\/revisions"}],"predecessor-version":[{"id":131808,"href":"https:\/\/camping-de-la-lyre.com\/index.php\/wp-json\/wp\/v2\/pages\/131767\/revisions\/131808"}],"wp:attachment":[{"href":"https:\/\/camping-de-la-lyre.com\/index.php\/wp-json\/wp\/v2\/media?parent=131767"}],"curies":[{"name":"wp","href":"https:\/\/api.w.org\/{rel}","templated":true}]}}