{"id":131258,"date":"2024-05-26T00:04:50","date_gmt":"2024-05-25T22:04:50","guid":{"rendered":"https:\/\/camping-de-la-lyre.com\/?page_id=131258"},"modified":"2025-12-22T22:25:48","modified_gmt":"2025-12-22T21:25:48","slug":"location-vtt-electrique","status":"publish","type":"page","link":"https:\/\/camping-de-la-lyre.com\/index.php\/location-vtt-electrique\/","title":{"rendered":"Location VTT \u00e9lectrique"},"content":{"rendered":"<div class=\"wpb-content-wrapper\"><p>[vc_row row_height_percent=&#8221;52&#8243; back_color=&#8221;color-wayh&#8221; back_image=&#8221;131267&#8243; back_position=&#8221;center center&#8221; parallax=&#8221;yes&#8221; overlay_color=&#8221;color-wayh&#8221; overlay_alpha=&#8221;35&#8243; gutter_size=&#8221;3&#8243; column_width_percent=&#8221;100&#8243; shift_y=&#8221;0&#8243; z_index=&#8221;0&#8243; top_divider=&#8221;gradient&#8221; uncode_shortcode_id=&#8221;107089&#8243; back_color_type=&#8221;uncode-palette&#8221; overlay_color_type=&#8221;uncode-palette&#8221;][vc_column column_width_use_pixel=&#8221;yes&#8221; position_vertical=&#8221;middle&#8221; align_horizontal=&#8221;align_center&#8221; gutter_size=&#8221;2&#8243; style=&#8221;dark&#8221; overlay_alpha=&#8221;50&#8243; shift_x=&#8221;0&#8243; shift_y=&#8221;0&#8243; shift_y_down=&#8221;0&#8243; z_index=&#8221;0&#8243; medium_width=&#8221;0&#8243; mobile_width=&#8221;0&#8243; width=&#8221;1\/1&#8243; column_width_pixel=&#8221;1100&#8243; uncode_shortcode_id=&#8221;141607&#8243;][vc_custom_heading heading_semantic=&#8221;h1&#8243; text_font=&#8221;font-846016&#8243; text_size=&#8221;fontsize-338686&#8243; uncode_shortcode_id=&#8221;621836&#8243;]Location VTT \u00e9lectriques[\/vc_custom_heading][vc_empty_space empty_h=&#8221;2&#8243;][\/vc_column][\/vc_row][vc_row row_height_percent=&#8221;0&#8243; override_padding=&#8221;yes&#8221; h_padding=&#8221;2&#8243; top_padding=&#8221;5&#8243; bottom_padding=&#8221;5&#8243; overlay_alpha=&#8221;50&#8243; equal_height=&#8221;yes&#8221; gutter_size=&#8221;4&#8243; column_width_percent=&#8221;100&#8243; shift_y=&#8221;0&#8243; z_index=&#8221;0&#8243; uncode_shortcode_id=&#8221;125074&#8243;][vc_column column_width_percent=&#8221;100&#8243; position_vertical=&#8221;middle&#8221; gutter_size=&#8221;4&#8243; overlay_alpha=&#8221;50&#8243; shift_x=&#8221;0&#8243; shift_y=&#8221;0&#8243; shift_y_down=&#8221;0&#8243; z_index=&#8221;0&#8243; medium_width=&#8221;0&#8243; mobile_width=&#8221;0&#8243; width=&#8221;1\/2&#8243;][vc_custom_heading heading_semantic=&#8221;h3&#8243; text_size=&#8221;fontsize-155944&#8243; uncode_shortcode_id=&#8221;123956&#8243; subheading=&#8221;D\u00e9couvrez les merveilles de la r\u00e9gion des Pyr\u00e9n\u00e9es Orientales et du Haut Vallespir en v\u00e9lo ! Nous vous proposons des VTT \u00e9lectriques \u00e0 la location pour arpenter les chemins, voies vertes et autres circuits VTT au d\u00e9part du camping. Partez en autonomie ou avec des circuits GPS que nous mettons \u00e0 votre disposition.<br \/>\nPour \u00eatre s\u00fbr d\u2019avoir votre VTT \u00e9lectrique \u00e0 la date qui vous convient, n\u2019h\u00e9sitez pas \u00e0 le r\u00e9server !&#8221; text_color_type=&#8221;uncode-palette&#8221; text_color_solid=&#8221;#ff0000&#8243;]R\u00e9server un VTT \u00e9lectrique[\/vc_custom_heading][vc_row_inner row_inner_height_percent=&#8221;0&#8243; overlay_alpha=&#8221;50&#8243; gutter_size=&#8221;4&#8243; shift_y=&#8221;0&#8243; z_index=&#8221;0&#8243; limit_content=&#8221;&#8221;][vc_column_inner column_width_percent=&#8221;100&#8243; align_horizontal=&#8221;align_center&#8221; gutter_size=&#8221;3&#8243; overlay_alpha=&#8221;50&#8243; shift_x=&#8221;0&#8243; shift_y=&#8221;0&#8243; shift_y_down=&#8221;0&#8243; z_index=&#8221;0&#8243; medium_width=&#8221;0&#8243; mobile_width=&#8221;0&#8243; width=&#8221;1\/2&#8243; uncode_shortcode_id=&#8221;812283&#8243;][vc_icon icon=&#8221;fa fa-map-pin&#8221; icon_color=&#8221;accent&#8221; size=&#8221;fa-3x&#8221; text_size=&#8221;h4&#8243; title=&#8221;Directement au Camping de la Lyre&#8221; link=&#8221;|||&#8221; uncode_shortcode_id=&#8221;202700&#8243; icon_color_type=&#8221;uncode-palette&#8221;]450 Route de Bat\u00e8re, 66150 Corsavy[\/vc_icon][\/vc_column_inner][vc_column_inner column_width_percent=&#8221;100&#8243; align_horizontal=&#8221;align_center&#8221; gutter_size=&#8221;3&#8243; overlay_alpha=&#8221;50&#8243; shift_x=&#8221;0&#8243; shift_y=&#8221;0&#8243; shift_y_down=&#8221;0&#8243; z_index=&#8221;0&#8243; medium_width=&#8221;0&#8243; mobile_width=&#8221;0&#8243; width=&#8221;1\/2&#8243; uncode_shortcode_id=&#8221;756348&#8243;][vc_icon display=&#8221;inline&#8221; icon=&#8221;fa fa-phone-handset&#8221; icon_color=&#8221;accent&#8221; size=&#8221;fa-3x&#8221; text_size=&#8221;h4&#8243; title=&#8221;Par t\u00e9l\u00e9phone&#8221; link=&#8221;|||&#8221; uncode_shortcode_id=&#8221;623169&#8243; icon_color_type=&#8221;uncode-palette&#8221;]au <strong>07 49 82 29 41<\/strong>[\/vc_icon][\/vc_column_inner][\/vc_row_inner][vc_row_inner limit_content=&#8221;&#8221;][vc_column_inner column_width_percent=&#8221;100&#8243; align_horizontal=&#8221;align_center&#8221; gutter_size=&#8221;3&#8243; overlay_alpha=&#8221;50&#8243; shift_x=&#8221;0&#8243; shift_y=&#8221;0&#8243; shift_y_down=&#8221;0&#8243; z_index=&#8221;0&#8243; medium_width=&#8221;0&#8243; mobile_width=&#8221;0&#8243; width=&#8221;1\/1&#8243; uncode_shortcode_id=&#8221;150998&#8243;][vc_button button_color=&#8221;color-155789&#8243; radius=&#8221;btn-circle&#8221; outline=&#8221;yes&#8221; border_width=&#8221;0&#8243; link=&#8221;url:https%3A%2F%2Fcamping-de-la-lyre.com%2Findex.php%2Flocation-vtt-electrique%2F%23tarifs&#8221; button_color_type=&#8221;uncode-palette&#8221; uncode_shortcode_id=&#8221;209836&#8243;]Grille tarifaire[\/vc_button][\/vc_column_inner][\/vc_row_inner][\/vc_column][vc_column width=&#8221;1\/2&#8243;][vc_single_image media=&#8221;131268&#8243; media_width_percent=&#8221;100&#8243; media_ratio=&#8221;three-four&#8221; uncode_shortcode_id=&#8221;749221&#8243;][\/vc_column][\/vc_row][vc_row row_height_percent=&#8221;0&#8243; override_padding=&#8221;yes&#8221; h_padding=&#8221;2&#8243; top_padding=&#8221;5&#8243; bottom_padding=&#8221;5&#8243; overlay_alpha=&#8221;50&#8243; gutter_size=&#8221;4&#8243; column_width_percent=&#8221;100&#8243; shift_y=&#8221;0&#8243; z_index=&#8221;0&#8243; uncode_shortcode_id=&#8221;211544&#8243; overlay_color_type=&#8221;uncode-solid&#8221; overlay_color_solid=&#8221;#f6fdec&#8221;][vc_column column_width_percent=&#8221;100&#8243; gutter_size=&#8221;3&#8243; overlay_alpha=&#8221;50&#8243; shift_x=&#8221;0&#8243; shift_y=&#8221;0&#8243; shift_y_down=&#8221;0&#8243; z_index=&#8221;0&#8243; medium_width=&#8221;4&#8243; mobile_width=&#8221;0&#8243; width=&#8221;1\/2&#8243; el_class=&#8221;inverted-device-order&#8221;][vc_single_image media=&#8221;131274&#8243; media_width_percent=&#8221;100&#8243; media_ratio=&#8221;one-one&#8221; alignment=&#8221;right&#8221; uncode_shortcode_id=&#8221;176613&#8243;][\/vc_column][vc_column column_width_percent=&#8221;100&#8243; position_horizontal=&#8221;left&#8221; position_vertical=&#8221;middle&#8221; gutter_size=&#8221;3&#8243; overlay_alpha=&#8221;50&#8243; shift_x=&#8221;0&#8243; shift_y=&#8221;0&#8243; shift_y_down=&#8221;0&#8243; z_index=&#8221;0&#8243; medium_width=&#8221;4&#8243; mobile_width=&#8221;0&#8243; width=&#8221;1\/2&#8243;][vc_custom_heading heading_semantic=&#8221;h3&#8243; text_size=&#8221;fontsize-155944&#8243; uncode_shortcode_id=&#8221;268657&#8243;]Nos VTT \u00e9lectriques[\/vc_custom_heading][vc_column_text uncode_shortcode_id=&#8221;130980&#8243;]Les VTT que nous vous proposons sont des <strong>Lapierre Overvolt TR 4.6<\/strong>. Ils sont <strong>suspendus \u00e0 l\u2019avant et \u00e0 l\u2019arri\u00e8re <\/strong>pour vous assurer <strong>un maximum de confort<\/strong>, avec <strong>batterie de 625Wh<\/strong>, permettant plus de <strong>60 km d\u2019autonomie<\/strong>. Que vous soyez cycliste chevronn\u00e9 ou d\u00e9butant, sur route comme sur pistes foresti\u00e8res, partez \u00e0 l\u2019aventure selon vos envies !<\/p>\n<p>Nous vous proposons 4 tailles de VTT diff\u00e9rentes (selon disponibilit\u00e9s) : <strong>S, M, L, XL<\/strong>. Chaque location comprend <strong>un casque et un kit de r\u00e9paration<\/strong>.<\/p>\n<p>&nbsp;[\/vc_column_text][\/vc_column][\/vc_row][vc_row unlock_row_content=&#8221;yes&#8221; row_height_percent=&#8221;0&#8243; override_padding=&#8221;yes&#8221; h_padding=&#8221;0&#8243; top_padding=&#8221;0&#8243; bottom_padding=&#8221;0&#8243; overlay_alpha=&#8221;100&#8243; gutter_size=&#8221;100&#8243; column_width_percent=&#8221;100&#8243; shift_y=&#8221;0&#8243; z_index=&#8221;0&#8243; style=&#8221;inherited&#8221;][vc_column column_width_percent=&#8221;100&#8243; align_horizontal=&#8221;align_center&#8221; gutter_size=&#8221;3&#8243; overlay_alpha=&#8221;50&#8243; shift_x=&#8221;0&#8243; shift_y=&#8221;0&#8243; medium_width=&#8221;0&#8243; zoom_width=&#8221;0&#8243; zoom_height=&#8221;0&#8243; width=&#8221;1\/1&#8243;][vc_gallery el_id=&#8221;gallery-958453445&#8243; type=&#8221;carousel&#8221; medias=&#8221;131279,131276,131277,131278,131280,131275&#8243; carousel_lg=&#8221;5&#8243; carousel_md=&#8221;3&#8243; carousel_sm=&#8221;1&#8243; thumb_size=&#8221;one-one&#8221; gutter_size=&#8221;1&#8243; media_items=&#8221;media,icon&#8221; carousel_interval=&#8221;3000&#8243; carousel_navspeed=&#8221;400&#8243; carousel_dots=&#8221;yes&#8221; carousel_dots_mobile=&#8221;yes&#8221; carousel_dots_inside=&#8221;yes&#8221; carousel_dot_padding=&#8221;2&#8243; stage_padding=&#8221;0&#8243; single_overlay_opacity=&#8221;50&#8243; single_text_anim_type=&#8221;btt&#8221; single_h_align=&#8221;center&#8221; single_padding=&#8221;2&#8243; single_icon=&#8221;fa fa-search3&#8243; single_border=&#8221;yes&#8221; single_css_animation=&#8221;bottom-t-top&#8221; single_animation_delay=&#8221;200&#8243; lbox_caption=&#8221;yes&#8221; no_double_tap=&#8221;yes&#8221; carousel_rtl=&#8221;&#8221; single_title_uppercase=&#8221;&#8221; single_title_bold=&#8221;&#8221; single_title_serif=&#8221;&#8221; onclick=&#8221;link_image&#8221; custom_links_target=&#8221;_self&#8221; items=&#8221;eyI4ODY4X2kiOnsic2luZ2xlX3dpZHRoIjoiNCIsInNpbmdsZV9oZWlnaHQiOiI0In0sIjg4NjJfaSI6eyJzaW5nbGVfd2lkdGgiOiI0Iiwic2luZ2xlX2hlaWdodCI6IjQifSwiODg2MF9pIjp7InNpbmdsZV93aWR0aCI6IjQifX0=&#8221; single_half_padding=&#8221;&#8221; single_no_background=&#8221;&#8221; uncode_shortcode_id=&#8221;191767&#8243;][\/vc_column][\/vc_row][vc_row][vc_column width=&#8221;1\/1&#8243;][vc_custom_heading uncode_shortcode_id=&#8221;130051&#8243;]<\/p>\n<div id=\"tarifs\"><\/div>\n<h1 style=\"text-align: left;\">Grille tarifaire<\/h1>\n<p>[\/vc_custom_heading][vc_single_image media=&#8221;131792&#8243; media_width_percent=&#8221;100&#8243; uncode_shortcode_id=&#8221;477768&#8243;][\/vc_column][\/vc_row]<\/p>\n<\/div>","protected":false},"excerpt":{"rendered":"<p>[vc_row row_height_percent=&#8221;52&#8243; back_color=&#8221;color-wayh&#8221; back_image=&#8221;131267&#8243; back_position=&#8221;center center&#8221; parallax=&#8221;yes&#8221; overlay_color=&#8221;color-wayh&#8221; overlay_alpha=&#8221;35&#8243; gutter_size=&#8221;3&#8243; column_width_percent=&#8221;100&#8243; shift_y=&#8221;0&#8243; z_index=&#8221;0&#8243; top_divider=&#8221;gradient&#8221; uncode_shortcode_id=&#8221;107089&#8243; back_color_type=&#8221;uncode-palette&#8221; overlay_color_type=&#8221;uncode-palette&#8221;][vc_column column_width_use_pixel=&#8221;yes&#8221; position_vertical=&#8221;middle&#8221; align_horizontal=&#8221;align_center&#8221; [&hellip;]<\/p>\n","protected":false},"author":1,"featured_media":0,"parent":0,"menu_order":0,"comment_status":"closed","ping_status":"closed","template":"","meta":{"_monsterinsights_skip_tracking":false,"_monsterinsights_sitenote_active":false,"_monsterinsights_sitenote_note":"","_monsterinsights_sitenote_category":0,"footnotes":""},"class_list":["post-131258","page","type-page","status-publish","hentry"],"yoast_head":"<!-- This site is optimized with the Yoast SEO plugin v27.4 - https:\/\/yoast.com\/product\/yoast-seo-wordpress\/ -->\n<title>Location VTT \u00e9lectrique - Camping de la Lyre<\/title>\n<meta name=\"robots\" content=\"index, follow, max-snippet:-1, max-image-preview:large, max-video-preview:-1\" \/>\n<link rel=\"canonical\" href=\"https:\/\/camping-de-la-lyre.com\/index.php\/location-vtt-electrique\/\" \/>\n<meta property=\"og:locale\" content=\"en_US\" \/>\n<meta property=\"og:type\" content=\"article\" \/>\n<meta property=\"og:title\" content=\"Location VTT \u00e9lectrique - Camping de la Lyre\" \/>\n<meta property=\"og:description\" content=\"[vc_row row_height_percent=&#8221;52&#8243; back_color=&#8221;color-wayh&#8221; back_image=&#8221;131267&#8243; back_position=&#8221;center center&#8221; parallax=&#8221;yes&#8221; overlay_color=&#8221;color-wayh&#8221; overlay_alpha=&#8221;35&#8243; gutter_size=&#8221;3&#8243; column_width_percent=&#8221;100&#8243; shift_y=&#8221;0&#8243; z_index=&#8221;0&#8243; top_divider=&#8221;gradient&#8221; uncode_shortcode_id=&#8221;107089&#8243; back_color_type=&#8221;uncode-palette&#8221; overlay_color_type=&#8221;uncode-palette&#8221;][vc_column column_width_use_pixel=&#8221;yes&#8221; position_vertical=&#8221;middle&#8221; align_horizontal=&#8221;align_center&#8221; [&hellip;]\" \/>\n<meta property=\"og:url\" content=\"https:\/\/camping-de-la-lyre.com\/index.php\/location-vtt-electrique\/\" \/>\n<meta property=\"og:site_name\" content=\"Camping de la Lyre\" \/>\n<meta property=\"article:publisher\" content=\"https:\/\/www.facebook.com\/profile.php?id=61553699769690\" \/>\n<meta property=\"article:modified_time\" content=\"2025-12-22T21:25:48+00:00\" \/>\n<meta name=\"twitter:card\" content=\"summary_large_image\" \/>\n<meta name=\"twitter:label1\" content=\"Est. reading time\" \/>\n\t<meta name=\"twitter:data1\" content=\"5 minutes\" \/>\n<script type=\"application\/ld+json\" class=\"yoast-schema-graph\">{\"@context\":\"https:\\\/\\\/schema.org\",\"@graph\":[{\"@type\":\"WebPage\",\"@id\":\"https:\\\/\\\/camping-de-la-lyre.com\\\/index.php\\\/location-vtt-electrique\\\/\",\"url\":\"https:\\\/\\\/camping-de-la-lyre.com\\\/index.php\\\/location-vtt-electrique\\\/\",\"name\":\"Location VTT \u00e9lectrique - Camping de la Lyre\",\"isPartOf\":{\"@id\":\"https:\\\/\\\/camping-de-la-lyre.com\\\/#website\"},\"datePublished\":\"2024-05-25T22:04:50+00:00\",\"dateModified\":\"2025-12-22T21:25:48+00:00\",\"breadcrumb\":{\"@id\":\"https:\\\/\\\/camping-de-la-lyre.com\\\/index.php\\\/location-vtt-electrique\\\/#breadcrumb\"},\"inLanguage\":\"en-US\",\"potentialAction\":[{\"@type\":\"ReadAction\",\"target\":[\"https:\\\/\\\/camping-de-la-lyre.com\\\/index.php\\\/location-vtt-electrique\\\/\"]}]},{\"@type\":\"BreadcrumbList\",\"@id\":\"https:\\\/\\\/camping-de-la-lyre.com\\\/index.php\\\/location-vtt-electrique\\\/#breadcrumb\",\"itemListElement\":[{\"@type\":\"ListItem\",\"position\":1,\"name\":\"Home\",\"item\":\"https:\\\/\\\/camping-de-la-lyre.com\\\/\"},{\"@type\":\"ListItem\",\"position\":2,\"name\":\"Location VTT \u00e9lectrique\"}]},{\"@type\":\"WebSite\",\"@id\":\"https:\\\/\\\/camping-de-la-lyre.com\\\/#website\",\"url\":\"https:\\\/\\\/camping-de-la-lyre.com\\\/\",\"name\":\"Camping de la Lyre\",\"description\":\"Venez dormir sous les \u00e9toiles\",\"publisher\":{\"@id\":\"https:\\\/\\\/camping-de-la-lyre.com\\\/#organization\"},\"potentialAction\":[{\"@type\":\"SearchAction\",\"target\":{\"@type\":\"EntryPoint\",\"urlTemplate\":\"https:\\\/\\\/camping-de-la-lyre.com\\\/?s={search_term_string}\"},\"query-input\":{\"@type\":\"PropertyValueSpecification\",\"valueRequired\":true,\"valueName\":\"search_term_string\"}}],\"inLanguage\":\"en-US\"},{\"@type\":\"Organization\",\"@id\":\"https:\\\/\\\/camping-de-la-lyre.com\\\/#organization\",\"name\":\"Camping de la Lyre\",\"url\":\"https:\\\/\\\/camping-de-la-lyre.com\\\/\",\"logo\":{\"@type\":\"ImageObject\",\"inLanguage\":\"en-US\",\"@id\":\"https:\\\/\\\/camping-de-la-lyre.com\\\/#\\\/schema\\\/logo\\\/image\\\/\",\"url\":\"https:\\\/\\\/camping-de-la-lyre.com\\\/wp-content\\\/uploads\\\/2026\\\/02\\\/Logo-couleur-100.jpg\",\"contentUrl\":\"https:\\\/\\\/camping-de-la-lyre.com\\\/wp-content\\\/uploads\\\/2026\\\/02\\\/Logo-couleur-100.jpg\",\"width\":1034,\"height\":596,\"caption\":\"Camping de la Lyre\"},\"image\":{\"@id\":\"https:\\\/\\\/camping-de-la-lyre.com\\\/#\\\/schema\\\/logo\\\/image\\\/\"},\"sameAs\":[\"https:\\\/\\\/www.facebook.com\\\/profile.php?id=61553699769690\",\"https:\\\/\\\/www.instagram.com\\\/camping_de_la_lyre\\\/\"]}]}<\/script>\n<!-- \/ Yoast SEO plugin. -->","yoast_head_json":{"title":"Location VTT \u00e9lectrique - Camping de la Lyre","robots":{"index":"index","follow":"follow","max-snippet":"max-snippet:-1","max-image-preview":"max-image-preview:large","max-video-preview":"max-video-preview:-1"},"canonical":"https:\/\/camping-de-la-lyre.com\/index.php\/location-vtt-electrique\/","og_locale":"en_US","og_type":"article","og_title":"Location VTT \u00e9lectrique - Camping de la Lyre","og_description":"[vc_row row_height_percent=&#8221;52&#8243; back_color=&#8221;color-wayh&#8221; back_image=&#8221;131267&#8243; back_position=&#8221;center center&#8221; parallax=&#8221;yes&#8221; overlay_color=&#8221;color-wayh&#8221; overlay_alpha=&#8221;35&#8243; gutter_size=&#8221;3&#8243; column_width_percent=&#8221;100&#8243; shift_y=&#8221;0&#8243; z_index=&#8221;0&#8243; top_divider=&#8221;gradient&#8221; uncode_shortcode_id=&#8221;107089&#8243; back_color_type=&#8221;uncode-palette&#8221; overlay_color_type=&#8221;uncode-palette&#8221;][vc_column column_width_use_pixel=&#8221;yes&#8221; position_vertical=&#8221;middle&#8221; align_horizontal=&#8221;align_center&#8221; [&hellip;]","og_url":"https:\/\/camping-de-la-lyre.com\/index.php\/location-vtt-electrique\/","og_site_name":"Camping de la Lyre","article_publisher":"https:\/\/www.facebook.com\/profile.php?id=61553699769690","article_modified_time":"2025-12-22T21:25:48+00:00","twitter_card":"summary_large_image","twitter_misc":{"Est. reading time":"5 minutes"},"schema":{"@context":"https:\/\/schema.org","@graph":[{"@type":"WebPage","@id":"https:\/\/camping-de-la-lyre.com\/index.php\/location-vtt-electrique\/","url":"https:\/\/camping-de-la-lyre.com\/index.php\/location-vtt-electrique\/","name":"Location VTT \u00e9lectrique - Camping de la Lyre","isPartOf":{"@id":"https:\/\/camping-de-la-lyre.com\/#website"},"datePublished":"2024-05-25T22:04:50+00:00","dateModified":"2025-12-22T21:25:48+00:00","breadcrumb":{"@id":"https:\/\/camping-de-la-lyre.com\/index.php\/location-vtt-electrique\/#breadcrumb"},"inLanguage":"en-US","potentialAction":[{"@type":"ReadAction","target":["https:\/\/camping-de-la-lyre.com\/index.php\/location-vtt-electrique\/"]}]},{"@type":"BreadcrumbList","@id":"https:\/\/camping-de-la-lyre.com\/index.php\/location-vtt-electrique\/#breadcrumb","itemListElement":[{"@type":"ListItem","position":1,"name":"Home","item":"https:\/\/camping-de-la-lyre.com\/"},{"@type":"ListItem","position":2,"name":"Location VTT \u00e9lectrique"}]},{"@type":"WebSite","@id":"https:\/\/camping-de-la-lyre.com\/#website","url":"https:\/\/camping-de-la-lyre.com\/","name":"Camping de la Lyre","description":"Venez dormir sous les \u00e9toiles","publisher":{"@id":"https:\/\/camping-de-la-lyre.com\/#organization"},"potentialAction":[{"@type":"SearchAction","target":{"@type":"EntryPoint","urlTemplate":"https:\/\/camping-de-la-lyre.com\/?s={search_term_string}"},"query-input":{"@type":"PropertyValueSpecification","valueRequired":true,"valueName":"search_term_string"}}],"inLanguage":"en-US"},{"@type":"Organization","@id":"https:\/\/camping-de-la-lyre.com\/#organization","name":"Camping de la Lyre","url":"https:\/\/camping-de-la-lyre.com\/","logo":{"@type":"ImageObject","inLanguage":"en-US","@id":"https:\/\/camping-de-la-lyre.com\/#\/schema\/logo\/image\/","url":"https:\/\/camping-de-la-lyre.com\/wp-content\/uploads\/2026\/02\/Logo-couleur-100.jpg","contentUrl":"https:\/\/camping-de-la-lyre.com\/wp-content\/uploads\/2026\/02\/Logo-couleur-100.jpg","width":1034,"height":596,"caption":"Camping de la Lyre"},"image":{"@id":"https:\/\/camping-de-la-lyre.com\/#\/schema\/logo\/image\/"},"sameAs":["https:\/\/www.facebook.com\/profile.php?id=61553699769690","https:\/\/www.instagram.com\/camping_de_la_lyre\/"]}]}},"_links":{"self":[{"href":"https:\/\/camping-de-la-lyre.com\/index.php\/wp-json\/wp\/v2\/pages\/131258","targetHints":{"allow":["GET"]}}],"collection":[{"href":"https:\/\/camping-de-la-lyre.com\/index.php\/wp-json\/wp\/v2\/pages"}],"about":[{"href":"https:\/\/camping-de-la-lyre.com\/index.php\/wp-json\/wp\/v2\/types\/page"}],"author":[{"embeddable":true,"href":"https:\/\/camping-de-la-lyre.com\/index.php\/wp-json\/wp\/v2\/users\/1"}],"replies":[{"embeddable":true,"href":"https:\/\/camping-de-la-lyre.com\/index.php\/wp-json\/wp\/v2\/comments?post=131258"}],"version-history":[{"count":32,"href":"https:\/\/camping-de-la-lyre.com\/index.php\/wp-json\/wp\/v2\/pages\/131258\/revisions"}],"predecessor-version":[{"id":131793,"href":"https:\/\/camping-de-la-lyre.com\/index.php\/wp-json\/wp\/v2\/pages\/131258\/revisions\/131793"}],"wp:attachment":[{"href":"https:\/\/camping-de-la-lyre.com\/index.php\/wp-json\/wp\/v2\/media?parent=131258"}],"curies":[{"name":"wp","href":"https:\/\/api.w.org\/{rel}","templated":true}]}}